{"id":26,"date":"2017-01-24T00:01:00","date_gmt":"2017-01-23T23:01:00","guid":{"rendered":"http:\/\/blog.lab3216.com\/?page_id=26"},"modified":"2018-01-03T20:03:22","modified_gmt":"2018-01-03T19:03:22","slug":"a-propos","status":"publish","type":"page","link":"https:\/\/blog.scribter.com\/?page_id=26","title":{"rendered":"A propos&#8230;"},"content":{"rendered":"<p>Ce blog traite de tout ce qui concerne l&rsquo;IT :\u00a0hardware, syst\u00e8mes d&rsquo;exploitation, r\u00e9seaux, programmation concurrente, temps r\u00e9el, bus industriels, d\u00e9veloppement web, etc.<\/p>\n","protected":false},"excerpt":{"rendered":"<p>Ce blog traite de tout ce qui concerne l&rsquo;IT :\u00a0hardware, syst\u00e8mes d&rsquo;exploitation, r\u00e9seaux, programmation concurrente, temps r\u00e9el, bus industriels, d\u00e9veloppement web, etc.<\/p>\n","protected":false},"author":1,"featured_media":0,"parent":0,"menu_order":0,"comment_status":"closed","ping_status":"closed","template":"","meta":{"ub_ctt_via":"","footnotes":""},"class_list":["post-26","page","type-page","status-publish","hentry"],"featured_image_src":null,"_links":{"self":[{"href":"https:\/\/blog.scribter.com\/index.php?rest_route=\/wp\/v2\/pages\/26","targetHints":{"allow":["GET"]}}],"collection":[{"href":"https:\/\/blog.scribter.com\/index.php?rest_route=\/wp\/v2\/pages"}],"about":[{"href":"https:\/\/blog.scribter.com\/index.php?rest_route=\/wp\/v2\/types\/page"}],"author":[{"embeddable":true,"href":"https:\/\/blog.scribter.com\/index.php?rest_route=\/wp\/v2\/users\/1"}],"replies":[{"embeddable":true,"href":"https:\/\/blog.scribter.com\/index.php?rest_route=%2Fwp%2Fv2%2Fcomments&post=26"}],"version-history":[{"count":28,"href":"https:\/\/blog.scribter.com\/index.php?rest_route=\/wp\/v2\/pages\/26\/revisions"}],"predecessor-version":[{"id":128,"href":"https:\/\/blog.scribter.com\/index.php?rest_route=\/wp\/v2\/pages\/26\/revisions\/128"}],"wp:attachment":[{"href":"https:\/\/blog.scribter.com\/index.php?rest_route=%2Fwp%2Fv2%2Fmedia&parent=26"}],"curies":[{"name":"wp","href":"https:\/\/api.w.org\/{rel}","templated":true}]}}